{"id":178,"date":"2024-06-15T14:05:22","date_gmt":"2024-06-15T12:05:22","guid":{"rendered":"https:\/\/odi-rent.fr\/?page_id=178"},"modified":"2024-06-15T14:06:52","modified_gmt":"2024-06-15T12:06:52","slug":"les-equipements","status":"publish","type":"page","link":"https:\/\/odi-rent.fr\/en\/les-equipements\/","title":{"rendered":"Our Facilities"},"content":{"rendered":"<p>We are committed to providing a quality service to our guests. This is achieved through the equipment of our accommodation.<br><br><\/p>\n\n\n\n<p><strong>All kitchens<\/strong> are equipped to allow you to cook like at home:<\/p>\n\n\n\n<ul class=\"wp-block-list\">\n<li>Fridge<\/li>\n\n\n\n<li>Oven<\/li>\n\n\n\n<li>Micro-wave oven<\/li>\n\n\n\n<li>Hotplates<\/li>\n\n\n\n<li>Toaster<\/li>\n\n\n\n<li>Kettle<\/li>\n\n\n\n<li>Nespresso machine<\/li>\n\n\n\n<li>Tableware (glasses, cutlery, plates, bowls, etc.)<\/li>\n\n\n\n<li>Pots and pans<\/li>\n\n\n\n<li>baking dish<\/li>\n\n\n\n<li>Table mats<\/li>\n\n\n\n<li>Ladles<\/li>\n\n\n\n<li>etc<\/li>\n<\/ul>\n\n\n\n<p><\/p>\n\n\n\n<p><br><\/p>\n\n\n\n<p><strong>All bathrooms<\/strong> are equipped with a shower, a toilet, a towel dryer, a sink and a hairdryer. You will also find a washing machine, a clothes horse, as well as an ironing board and an iron.<br>L\u2019appartement \u00ab\u00a0Le Scandinave\u00a0\u00bb, au 2<sup>nd<\/sup> floor don't have washing machine.<br><\/p>\n\n\n\n<p><\/p>\n\n\n\n<p><strong>Each living room <\/strong>consists of a sofa bed (except the Chalet), a coffee table and a TV. <strong>Each bedroom or sleeping area <\/strong>has a wardrobe and a bedside table with a lamp. For the comfort of travelers, our sofa beds are equipped with quality bedding. \u00a0<br><\/p>\n\n\n\n<p><\/p>\n\n\n\n<p>We provide<strong>\u00a0:<br>\u2013 high-speed WIFI <\/strong>(fiber and WIFI professional quality)<strong><br>- linens<\/strong> (tea towels, bath mats, towels, sheets, etc.).<br><strong>\u2013 household essentials<\/strong> if necessary (mop, vacuum cleaner, cleaning products, clothes horse, iron, etc.).<br><strong>\u2013 hygiene products<\/strong> of basic necessities (body and hand soap).<br><br><\/p>\n\n\n\n<p>A set of<strong>baby equipment <\/strong>(travel cot, adapted bathtub) is available on request and subject to availability.<br><br><\/p>\n\n\n\n<p>For your peace of mind, the building is secured by two coded doors; the common areas are under video surveillance. Unfortunately, <strong>the building does not have an elevator.<\/strong><br><br><\/p>","protected":false},"excerpt":{"rendered":"<p>Nous nous engageons \u00e0 fournir une prestation de qualit\u00e9 \u00e0 nos h\u00f4tes. Cela passe par l\u2019\u00e9quipement de nos logements. Toutes les cuisines sont \u00e9quip\u00e9es pour vous permettre de cuisiner comme \u00e0 la maison\u00a0: Toutes les salles de bain sont \u00e9quip\u00e9es d\u2019une douche, d\u2019un WC, d\u2019un s\u00e8che-serviette, d\u2019un lavabo et d\u2019un s\u00e8che-cheveux. Vous trouverez \u00e9galement un [&hellip;]<\/p>","protected":false},"author":1,"featured_media":0,"parent":0,"menu_order":0,"comment_status":"closed","ping_status":"closed","template":"templates\/template-page-full-width.php","meta":{"footnotes":""},"class_list":["post-178","page","type-page","status-publish","hentry"],"_links":{"self":[{"href":"https:\/\/odi-rent.fr\/en\/wp-json\/wp\/v2\/pages\/178","targetHints":{"allow":["GET"]}}],"collection":[{"href":"https:\/\/odi-rent.fr\/en\/wp-json\/wp\/v2\/pages"}],"about":[{"href":"https:\/\/odi-rent.fr\/en\/wp-json\/wp\/v2\/types\/page"}],"author":[{"embeddable":true,"href":"https:\/\/odi-rent.fr\/en\/wp-json\/wp\/v2\/users\/1"}],"replies":[{"embeddable":true,"href":"https:\/\/odi-rent.fr\/en\/wp-json\/wp\/v2\/comments?post=178"}],"version-history":[{"count":4,"href":"https:\/\/odi-rent.fr\/en\/wp-json\/wp\/v2\/pages\/178\/revisions"}],"predecessor-version":[{"id":182,"href":"https:\/\/odi-rent.fr\/en\/wp-json\/wp\/v2\/pages\/178\/revisions\/182"}],"wp:attachment":[{"href":"https:\/\/odi-rent.fr\/en\/wp-json\/wp\/v2\/media?parent=178"}],"curies":[{"name":"wp","href":"https:\/\/api.w.org\/{rel}","templated":true}]}}